{"id":51,"date":"2019-08-22T10:09:05","date_gmt":"2019-08-22T10:09:05","guid":{"rendered":"http:\/\/ukuthanda.de\/?page_id=51"},"modified":"2023-12-21T21:26:39","modified_gmt":"2023-12-21T20:26:39","slug":"spenden","status":"publish","type":"page","link":"https:\/\/www.ukuthanda.de\/?page_id=51","title":{"rendered":"Spenden"},"content":{"rendered":"\n<p>Mit Euren Spenden finanzieren wir &#8211; satzungsgem\u00e4\u00df &#8211; Schul- und Internats-\/Wohnheimsgeb\u00fchren, Schulbedarf, Lehrb\u00fccher, Transport- und Kommunikationskosten, au\u00dferdem ein Taschengeld f\u00fcr Exkursionen und Freizeit f\u00fcr die gef\u00f6rderten \u201eBildungspatenkinder\u201c.<\/p>\n\n\n\n<p>Eure Spende geht fast vollst\u00e4ndig in unsere Projekte. Lediglich die \u00fcberschaubaren Verwaltungskosten (Kontof\u00fchrungsgeb\u00fchren etc.) des Vereins werden auch durch die Spenden finanziert. <br><\/p>\n\n\n\n<p>Bitte gebt bei Eurer \u00dcberweisung Eure Adresse als Verwendungszweck an, damit wir Euch ggf. eine Spendenbescheinigung schicken k\u00f6nnen. Alternativ k\u00f6nnt Ihr uns eine Mail an <a href=\"mailto:info@ukuthanda.de\">info@ukuthanda.de<\/a> schreiben.<\/p>\n\n\n\n<div class=\"wp-block-media-text alignwide has-media-on-the-right\" style=\"grid-template-columns:auto 46%\"><div class=\"wp-block-media-text__content\">\n<p><strong>Bankverbindung:<\/strong><\/p>\n\n\n\n<p>IBAN DE71 6619 0000 0010 5559 22&nbsp;<\/p>\n\n\n\n<p>BIC: <br>GENODE61KA1&nbsp;<\/p>\n\n\n\n<p>Volksbank Karlsruhe <\/p>\n<\/div><figure class=\"wp-block-media-text__media\"><img loading=\"lazy\" decoding=\"async\" width=\"683\" height=\"1024\" src=\"http:\/\/ukuthanda.de\/wp-content\/uploads\/2019\/08\/donations-1041971_1920-683x1024.jpg\" alt=\"Quelle: https:\/\/pixabay.com\/images\/id-1041971\/\" class=\"wp-image-52 size-full\" srcset=\"https:\/\/www.ukuthanda.de\/wp-content\/uploads\/2019\/08\/donations-1041971_1920-683x1024.jpg 683w, https:\/\/www.ukuthanda.de\/wp-content\/uploads\/2019\/08\/donations-1041971_1920-200x300.jpg 200w, https:\/\/www.ukuthanda.de\/wp-content\/uploads\/2019\/08\/donations-1041971_1920-768x1152.jpg 768w, https:\/\/www.ukuthanda.de\/wp-content\/uploads\/2019\/08\/donations-1041971_1920.jpg 1280w\" sizes=\"auto, (max-width: 683px) 100vw, 683px\" \/><\/figure><\/div>\n","protected":false},"excerpt":{"rendered":"<p>Mit Euren Spenden finanzieren wir &#8211; satzungsgem\u00e4\u00df &#8211; Schul- und Internats-\/Wohnheimsgeb\u00fchren, Schulbedarf, Lehrb\u00fccher, Transport- und Kommunikationskosten, au\u00dferdem ein Taschengeld f\u00fcr Exkursionen und Freizeit f\u00fcr die gef\u00f6rderten \u201eBildungspatenkinder\u201c. Eure Spende geht fast vollst\u00e4ndig in unsere Projekte. Lediglich die \u00fcberschaubaren Verwaltungskosten (Kontof\u00fchrungsgeb\u00fchren etc.) des Vereins werden auch durch die Spenden finanziert. Bitte gebt bei Eurer \u00dcberweisung Eure &hellip; <\/p>\n<p class=\"link-more\"><a href=\"https:\/\/www.ukuthanda.de\/?page_id=51\" class=\"more-link\"><span class=\"screen-reader-text\">\u201eSpenden\u201c<\/span> weiterlesen<\/a><\/p>\n","protected":false},"author":2,"featured_media":0,"parent":0,"menu_order":0,"comment_status":"closed","ping_status":"closed","template":"","meta":{"footnotes":""},"class_list":["post-51","page","type-page","status-publish","hentry"],"_links":{"self":[{"href":"https:\/\/www.ukuthanda.de\/index.php?rest_route=\/wp\/v2\/pages\/51","targetHints":{"allow":["GET"]}}],"collection":[{"href":"https:\/\/www.ukuthanda.de\/index.php?rest_route=\/wp\/v2\/pages"}],"about":[{"href":"https:\/\/www.ukuthanda.de\/index.php?rest_route=\/wp\/v2\/types\/page"}],"author":[{"embeddable":true,"href":"https:\/\/www.ukuthanda.de\/index.php?rest_route=\/wp\/v2\/users\/2"}],"replies":[{"embeddable":true,"href":"https:\/\/www.ukuthanda.de\/index.php?rest_route=%2Fwp%2Fv2%2Fcomments&post=51"}],"version-history":[{"count":11,"href":"https:\/\/www.ukuthanda.de\/index.php?rest_route=\/wp\/v2\/pages\/51\/revisions"}],"predecessor-version":[{"id":529,"href":"https:\/\/www.ukuthanda.de\/index.php?rest_route=\/wp\/v2\/pages\/51\/revisions\/529"}],"wp:attachment":[{"href":"https:\/\/www.ukuthanda.de\/index.php?rest_route=%2Fwp%2Fv2%2Fmedia&parent=51"}],"curies":[{"name":"wp","href":"https:\/\/api.w.org\/{rel}","templated":true}]}}