{"id":467,"date":"2023-10-03T08:48:26","date_gmt":"2023-10-03T06:48:26","guid":{"rendered":"https:\/\/www.ukuthanda.de\/?page_id=467"},"modified":"2023-10-25T20:13:15","modified_gmt":"2023-10-25T18:13:15","slug":"luthando-der-erste-ukuthanda-stipendiat","status":"publish","type":"page","link":"https:\/\/www.ukuthanda.de\/?page_id=467","title":{"rendered":"Luthando &#8211; der erste Ukuthanda-Stipendiat"},"content":{"rendered":"\n<p>Luthando Jijajika ist 22, freundlich, h\u00f6flich und sehr clever. Er liebt Musik und Fu\u00dfball. Seine Eltern sind noch in seiner Grundschulzeit gestorben \u2013 er wohnte als bei seiner Tante und deren Kindern im Armenviertel von Soweto bei Johannesburg und musste jahrelang auf dem Boden schlafen und lernen, weil in der H\u00fctte einfach nicht mehr Platz war. Seit 2016 geht er auf ein privates Internat \u2013 nur Privatschulen k\u00f6nnen im Entwicklungsland S\u00fcdafrika eine gute Bildung bieten. Und eine gute Bildung ist das einzige Mittel, um der Armut irgendwann zu entkommen.<\/p>\n\n\n\n<div class=\"wp-block-media-text is-stacked-on-mobile is-image-fill\"><figure class=\"wp-block-media-text__media\" style=\"background-image:url(https:\/\/www.ukuthanda.de\/wp-content\/uploads\/2020\/11\/Luthando-mit-Torte.jpg);background-position:52% 34%\"><img loading=\"lazy\" decoding=\"async\" width=\"475\" height=\"699\" src=\"https:\/\/www.ukuthanda.de\/wp-content\/uploads\/2020\/11\/Luthando-mit-Torte.jpg\" alt=\"\" class=\"wp-image-323 size-full\" srcset=\"https:\/\/www.ukuthanda.de\/wp-content\/uploads\/2020\/11\/Luthando-mit-Torte.jpg 475w, https:\/\/www.ukuthanda.de\/wp-content\/uploads\/2020\/11\/Luthando-mit-Torte-204x300.jpg 204w\" sizes=\"auto, (max-width: 475px) 100vw, 475px\" \/><\/figure><div class=\"wp-block-media-text__content\">\n<p>Luthando gibt deswegen sein Bestes und m\u00f6chte irgendwann als Gesch\u00e4ftsmann anderen armen Kindern das erm\u00f6glichen, was er dank der Spenden aus Deutschland bekommen hat: eine Chance auf ein erfolgreiches Leben.<\/p>\n\n\n\n<p>Die Spenden von Ukuthanda e.V. gehen am Jahresende an seine Schule. Luthando hat eine Art Konto dort, von dem das monatliche Schulgeld abgeht und wovon auch alle Extrakosten wie B\u00fccher, Lernmittel und Verwaltungsgeb\u00fchren bezahlt werden sowie die w\u00f6chentliche Heimfahrt vom Internat nach Soweto. Da Luthando noch w\u00e4chst, ben\u00f6tigt er immer mal wieder eine neue Schuluniform. Diese bekommt er \u00fcber den Second-Hand Shop der Schule.<\/p>\n<\/div><\/div>\n\n\n\n<p><br>Nat\u00fcrlich m\u00f6chte er, wie jeder andere Teenager in seinem Alter auch, am Wochenende ab und zu Ausfl\u00fcge mit seinen Freunden unternehmen. Das Taschengeld daf\u00fcr wird ihm nach Absprache mit den Vertrauenslehrern seiner Schule ebenfalls aus dem Konto ausbezahlt. Alle diese Kosten k\u00f6nnte Luthandos Tante, die sein gesetzlicher Vormund ist, nicht aufbringen.<\/p>\n\n\n\n<figure class=\"wp-block-embed is-type-video is-provider-youtube wp-block-embed-youtube wp-embed-aspect-16-9 wp-has-aspect-ratio\"><div class=\"wp-block-embed__wrapper\">\n<iframe loading=\"lazy\" title=\"Luthando at Dominican Convent School\" width=\"525\" height=\"295\" src=\"https:\/\/www.youtube.com\/embed\/NGq9E-DnwsE?feature=oembed\" frameborder=\"0\" allow=\"accelerometer; autoplay; clipboard-write; encrypted-media; gyroscope; picture-in-picture; web-share\" referrerpolicy=\"strict-origin-when-cross-origin\" allowfullscreen><\/iframe>\n<\/div><\/figure>\n\n\n\n<p>Luthando ist in regelm\u00e4\u00dfigem Kontakt mit Ukuthanda e.V. Er berichtet von seinem Schulalltag, den Freuden und Sorgen damit und seinen Pl\u00e4nen f\u00fcr die Zukunft. Einen Zugang zum WLAN hat er lediglich an der Schule \u2013 um ihn auch am Wochenende erreichen zu k\u00f6nnen oder im Notfall auch von ihm erreicht zu werden, ben\u00f6tigt er Datenvolumen, das ebenfalls aus dem Taschengeld gedeckt wird.<\/p>\n\n\n\n<p>Wir begleiten Luthando seit sechs Jahren und sind immer wieder erstaunt, wie ernst er seine Schulbildung nimmt, wie zielstrebig er sich notenm\u00e4\u00dfig an die Spitze seiner Klasse k\u00e4mpft und wie gelassen er mit seiner schwierigen famili\u00e4ren Situation umgeht.<\/p>\n","protected":false},"excerpt":{"rendered":"<p>Luthando Jijajika ist 22, freundlich, h\u00f6flich und sehr clever. Er liebt Musik und Fu\u00dfball. Seine Eltern sind noch in seiner Grundschulzeit gestorben \u2013 er wohnte als bei seiner Tante und deren Kindern im Armenviertel von Soweto bei Johannesburg und musste jahrelang auf dem Boden schlafen und lernen, weil in der H\u00fctte einfach nicht mehr Platz &hellip; <\/p>\n<p class=\"link-more\"><a href=\"https:\/\/www.ukuthanda.de\/?page_id=467\" class=\"more-link\"><span class=\"screen-reader-text\">\u201eLuthando &#8211; der erste Ukuthanda-Stipendiat\u201c<\/span> weiterlesen<\/a><\/p>\n","protected":false},"author":2,"featured_media":0,"parent":31,"menu_order":0,"comment_status":"closed","ping_status":"closed","template":"","meta":{"footnotes":""},"class_list":["post-467","page","type-page","status-publish","hentry"],"_links":{"self":[{"href":"https:\/\/www.ukuthanda.de\/index.php?rest_route=\/wp\/v2\/pages\/467","targetHints":{"allow":["GET"]}}],"collection":[{"href":"https:\/\/www.ukuthanda.de\/index.php?rest_route=\/wp\/v2\/pages"}],"about":[{"href":"https:\/\/www.ukuthanda.de\/index.php?rest_route=\/wp\/v2\/types\/page"}],"author":[{"embeddable":true,"href":"https:\/\/www.ukuthanda.de\/index.php?rest_route=\/wp\/v2\/users\/2"}],"replies":[{"embeddable":true,"href":"https:\/\/www.ukuthanda.de\/index.php?rest_route=%2Fwp%2Fv2%2Fcomments&post=467"}],"version-history":[{"count":2,"href":"https:\/\/www.ukuthanda.de\/index.php?rest_route=\/wp\/v2\/pages\/467\/revisions"}],"predecessor-version":[{"id":469,"href":"https:\/\/www.ukuthanda.de\/index.php?rest_route=\/wp\/v2\/pages\/467\/revisions\/469"}],"up":[{"embeddable":true,"href":"https:\/\/www.ukuthanda.de\/index.php?rest_route=\/wp\/v2\/pages\/31"}],"wp:attachment":[{"href":"https:\/\/www.ukuthanda.de\/index.php?rest_route=%2Fwp%2Fv2%2Fmedia&parent=467"}],"curies":[{"name":"wp","href":"https:\/\/api.w.org\/{rel}","templated":true}]}}