{"id":41,"date":"2019-08-22T07:19:59","date_gmt":"2019-08-22T07:19:59","guid":{"rendered":"http:\/\/ukuthanda.de\/?page_id=41"},"modified":"2023-10-25T20:50:55","modified_gmt":"2023-10-25T18:50:55","slug":"was-macht-ukuthanda-e-v","status":"publish","type":"page","link":"https:\/\/www.ukuthanda.de\/?page_id=41","title":{"rendered":"Was macht Ukuthanda?"},"content":{"rendered":"\n<p>&#8222;Bildung ist die m\u00e4chtigste Waffe, um die Welt zu ver\u00e4ndern&#8220; (Nelson Mandela) <\/p>\n\n\n\n<p>UKUTHANDA:\nZulu f\u00fcr \u201ezu lieben\u201c<\/p>\n\n\n\n<p>Um S\u00fcdafrika, die ungleichste Nation der Welt, wirklich nachhaltig zu ver\u00e4ndern und auf einen prosperierenden Pfad zu bringen, brauchen mehr Menschen dort eine bessere Bildung. Mit Ukuthanda e.V. wollen wir einen kleinen Beitrag dazu leisten. Unser erstes \u201eBildungspatenkind\u201c tr\u00e4gt das Wort Liebe in seinem Namen \u2013 wir haben das als Aufgabe angenommen: an ihn und andere zu glauben und zusammen etwas zu erreichen, was allein nie m\u00f6glich w\u00e4re. <\/p>\n\n\n\n<figure class=\"wp-block-image size-large\"><img loading=\"lazy\" decoding=\"async\" width=\"1024\" height=\"683\" src=\"https:\/\/www.ukuthanda.de\/wp-content\/uploads\/2021\/05\/DSCF6699-1024x683.jpg\" alt=\"\" class=\"wp-image-351\" srcset=\"https:\/\/www.ukuthanda.de\/wp-content\/uploads\/2021\/05\/DSCF6699-1024x683.jpg 1024w, https:\/\/www.ukuthanda.de\/wp-content\/uploads\/2021\/05\/DSCF6699-300x200.jpg 300w, https:\/\/www.ukuthanda.de\/wp-content\/uploads\/2021\/05\/DSCF6699-768x512.jpg 768w, https:\/\/www.ukuthanda.de\/wp-content\/uploads\/2021\/05\/DSCF6699-1536x1024.jpg 1536w, https:\/\/www.ukuthanda.de\/wp-content\/uploads\/2021\/05\/DSCF6699-2048x1365.jpg 2048w, https:\/\/www.ukuthanda.de\/wp-content\/uploads\/2021\/05\/DSCF6699-1320x880.jpg 1320w\" sizes=\"auto, (max-width: 706px) 89vw, (max-width: 767px) 82vw, 740px\" \/><figcaption class=\"wp-element-caption\">Valerie &#038; Botlhale in der Schulbibliothek<\/figcaption><\/figure>\n\n\n\n<p>Durch Ukuthanda e.V. wollen wir benachteiligte s\u00fcdafrikanische Kinder und Jugendliche bei ihrer Schul- und Universit\u00e4tsbildung unterst\u00fctzen, indem wir die Kosten daf\u00fcr tragen, n\u00f6tigenfalls auch f\u00fcr Kost und Logis im Internat bzw. Studentenwohnheim. Und da soziale Teilhabe f\u00fcr die Bildung eines starken Charakters ebenso wichtig ist wie die M\u00f6glichkeit, zu lernen, finanzieren wir aus den Spenden unseres Vereins auch ein regelm\u00e4\u00dfiges kleines Taschengeld f\u00fcr au\u00dferschulische Aktivit\u00e4ten. <\/p>\n\n\n\n<p>Konkret k\u00fcmmern wir uns momentan um drei M\u00e4dchen und einen Jungen auf dem Weg zum Abitur: Lehakwe, Botlhale, Robyn und Amulike. Hierbei werden wir stark unterst\u00fctzt von der T.u.H. Hoene Stiftung, der Avitamed GmbH und tollen Privatspenderinnen und Spendern \u2013 teilweise Ukuthanda-Fans der ersten Stunde.<\/p>\n\n\n\n<h4 class=\"wp-block-heading\">Die Geschichte von Ukuthanda e.V. <\/h4>\n\n\n\n<p>Die Journalisten Kerstin Welter und Jan-Philippe Schl\u00fcter lebten von 2013-2018 aus beruflichen Gr\u00fcnden in S\u00fcdafrika. F\u00fcr ein Kinderradio-Projekt \u00fcber das Leben junger, armer S\u00fcdafrikaner lernte Kerstin Luthando kennen. Er kam aus Soweto, war damals 11, gerade Vollwaise geworden und galt als der talentierteste Junge im Stipendienprogramm seiner Schule. Die Kosten daf\u00fcr haben Kerstin und Jan-Philippe im Folgenden privat \u00fcbernommen. Doch als Luthando sich erfolgreich um einen Platz auf einer guten, weiterf\u00fchrenden Schule beworben hatte und daf\u00fcr ein Internat notwendig wurde, wurden die Geb\u00fchren zu teuer. Durch ein nicht-\u00f6ffentliches Crowdfunding unter Freunden und Familien kam die n\u00f6tige Summe zusammen. <\/p>\n\n\n\n<p>Die Unterst\u00fctzung war begeisternd: Manche Freunde w\u00fcnschten sich zu ihrem Geburtstag lediglich Geld f\u00fcr Luthando. Andere organisierten einen weihnachtlichen Bratwurst- und Gl\u00fchweinverkauf und spendeten die Einnahmen. Menschen, die ihn gar nicht kannten, zeigten Liebe und Vertrauen in seine F\u00e4higkeiten. Und er gab daf\u00fcr gro\u00dfen Einsatz und besten Noten. Aus dieser Idee heraus ist Ukuthanda e.V. entstanden. <\/p>\n\n\n\n<p>Luthando studiert jetzt in Pretoria, meldet sich regelm\u00e4\u00dfig und hat auch den anderen Ukuthanda-Kids Mut gemacht, die wir seit 2019 in Johannesburg an Bord haben und hatten.<\/p>\n","protected":false},"excerpt":{"rendered":"<p>&#8222;Bildung ist die m\u00e4chtigste Waffe, um die Welt zu ver\u00e4ndern&#8220; (Nelson Mandela) UKUTHANDA: Zulu f\u00fcr \u201ezu lieben\u201c Um S\u00fcdafrika, die ungleichste Nation der Welt, wirklich nachhaltig zu ver\u00e4ndern und auf einen prosperierenden Pfad zu bringen, brauchen mehr Menschen dort eine bessere Bildung. Mit Ukuthanda e.V. wollen wir einen kleinen Beitrag dazu leisten. Unser erstes \u201eBildungspatenkind\u201c &hellip; <\/p>\n<p class=\"link-more\"><a href=\"https:\/\/www.ukuthanda.de\/?page_id=41\" class=\"more-link\"><span class=\"screen-reader-text\">\u201eWas macht Ukuthanda?\u201c<\/span> weiterlesen<\/a><\/p>\n","protected":false},"author":2,"featured_media":0,"parent":0,"menu_order":0,"comment_status":"closed","ping_status":"closed","template":"","meta":{"footnotes":""},"class_list":["post-41","page","type-page","status-publish","hentry"],"_links":{"self":[{"href":"https:\/\/www.ukuthanda.de\/index.php?rest_route=\/wp\/v2\/pages\/41","targetHints":{"allow":["GET"]}}],"collection":[{"href":"https:\/\/www.ukuthanda.de\/index.php?rest_route=\/wp\/v2\/pages"}],"about":[{"href":"https:\/\/www.ukuthanda.de\/index.php?rest_route=\/wp\/v2\/types\/page"}],"author":[{"embeddable":true,"href":"https:\/\/www.ukuthanda.de\/index.php?rest_route=\/wp\/v2\/users\/2"}],"replies":[{"embeddable":true,"href":"https:\/\/www.ukuthanda.de\/index.php?rest_route=%2Fwp%2Fv2%2Fcomments&post=41"}],"version-history":[{"count":21,"href":"https:\/\/www.ukuthanda.de\/index.php?rest_route=\/wp\/v2\/pages\/41\/revisions"}],"predecessor-version":[{"id":495,"href":"https:\/\/www.ukuthanda.de\/index.php?rest_route=\/wp\/v2\/pages\/41\/revisions\/495"}],"wp:attachment":[{"href":"https:\/\/www.ukuthanda.de\/index.php?rest_route=%2Fwp%2Fv2%2Fmedia&parent=41"}],"curies":[{"name":"wp","href":"https:\/\/api.w.org\/{rel}","templated":true}]}}